{"id":51,"date":"2019-11-21T02:39:04","date_gmt":"2019-11-21T02:39:04","guid":{"rendered":"http:\/\/gylabogados.com\/?page_id=51"},"modified":"2020-01-16T00:21:19","modified_gmt":"2020-01-16T00:21:19","slug":"el-estudio","status":"publish","type":"page","link":"https:\/\/gylabogados.com\/en\/el-estudio\/","title":{"rendered":"El Estudio"},"content":{"rendered":"<div data-elementor-type=\"wp-page\" data-elementor-id=\"51\" class=\"elementor elementor-51\" data-elementor-post-type=\"page\">\n\t\t\t\t\t\t<section class=\"elementor-section elementor-top-section elementor-element elementor-element-30b8f06 elementor-section-height-min-height elementor-section-boxed elementor-section-height-default elementor-section-items-middle\" data-id=\"30b8f06\" data-element_type=\"section\" data-settings=\"{&quot;background_background&quot;:&quot;classic&quot;,&quot;background_motion_fx_motion_fx_scrolling&quot;:&quot;yes&quot;,&quot;background_motion_fx_translateY_effect&quot;:&quot;yes&quot;,&quot;background_motion_fx_translateY_speed&quot;:{&quot;unit&quot;:&quot;px&quot;,&quot;size&quot;:4,&quot;sizes&quot;:[]},&quot;background_motion_fx_translateY_affectedRange&quot;:{&quot;unit&quot;:&quot;%&quot;,&quot;size&quot;:&quot;&quot;,&quot;sizes&quot;:{&quot;start&quot;:0,&quot;end&quot;:100}},&quot;background_motion_fx_devices&quot;:[&quot;desktop&quot;,&quot;tablet&quot;,&quot;mobile&quot;]}\">\n\t\t\t\t\t\t\t<div class=\"elementor-background-overlay\"><\/div>\n\t\t\t\t\t\t\t<div class=\"elementor-container elementor-column-gap-default\">\n\t\t\t\t\t<div class=\"elementor-column elementor-col-100 elementor-top-column elementor-element elementor-element-f72aafd\" data-id=\"f72aafd\" data-element_type=\"column\">\n\t\t\t<div class=\"elementor-widget-wrap elementor-element-populated\">\n\t\t\t\t\t\t<div class=\"elementor-element elementor-element-6b1ff22 elementor-widget elementor-widget-heading\" data-id=\"6b1ff22\" data-element_type=\"widget\" data-widget_type=\"heading.default\">\n\t\t\t\t<div class=\"elementor-widget-container\">\n\t\t\t\t\t<h2 class=\"elementor-heading-title elementor-size-default\">El Estudio<\/h2>\t\t\t\t<\/div>\n\t\t\t\t<\/div>\n\t\t\t\t\t<\/div>\n\t\t<\/div>\n\t\t\t\t\t<\/div>\n\t\t<\/section>\n\t\t\t\t<section class=\"elementor-section elementor-top-section elementor-element elementor-element-3eb3bce elementor-section-height-min-height elementor-section-boxed elementor-section-height-default elementor-section-items-middle\" data-id=\"3eb3bce\" data-element_type=\"section\">\n\t\t\t\t\t\t<div class=\"elementor-container elementor-column-gap-default\">\n\t\t\t\t\t<div class=\"elementor-column elementor-col-100 elementor-top-column elementor-element elementor-element-167f24c\" data-id=\"167f24c\" data-element_type=\"column\">\n\t\t\t<div class=\"elementor-widget-wrap elementor-element-populated\">\n\t\t\t\t\t\t<div class=\"elementor-element elementor-element-caab503 elementor-widget elementor-widget-spacer\" data-id=\"caab503\" data-element_type=\"widget\" data-widget_type=\"spacer.default\">\n\t\t\t\t<div class=\"elementor-widget-container\">\n\t\t\t\t\t\t\t<div class=\"elementor-spacer\">\n\t\t\t<div class=\"elementor-spacer-inner\"><\/div>\n\t\t<\/div>\n\t\t\t\t\t\t<\/div>\n\t\t\t\t<\/div>\n\t\t\t\t<div class=\"elementor-element elementor-element-575f22f elementor-widget elementor-widget-text-editor\" data-id=\"575f22f\" data-element_type=\"widget\" data-widget_type=\"text-editor.default\">\n\t\t\t\t<div class=\"elementor-widget-container\">\n\t\t\t\t\t\t\t\t\t<p>Somos una firma de abogados fundada en 1979. Durante 15 a\u00f1os desarrollamos nuestra pr\u00e1ctica asociados con KPMG.<\/p><p>Hemos sido reconocidos en 2012 como la primera firma de asesor\u00eda tributaria en el Per\u00fa por la revista brit\u00e1nica World Finance.<\/p>\t\t\t\t\t\t\t\t<\/div>\n\t\t\t\t<\/div>\n\t\t\t\t\t<\/div>\n\t\t<\/div>\n\t\t\t\t\t<\/div>\n\t\t<\/section>\n\t\t\t\t<section class=\"elementor-section elementor-top-section elementor-element elementor-element-558f784 elementor-section-boxed elementor-section-height-default elementor-section-height-default\" data-id=\"558f784\" data-element_type=\"section\">\n\t\t\t\t\t\t<div class=\"elementor-container elementor-column-gap-default\">\n\t\t\t\t\t<div class=\"elementor-column elementor-col-100 elementor-top-column elementor-element elementor-element-bd374d7\" data-id=\"bd374d7\" data-element_type=\"column\">\n\t\t\t<div class=\"elementor-widget-wrap elementor-element-populated\">\n\t\t\t\t\t\t<div class=\"elementor-element elementor-element-6f26950 elementor-align-right elementor-widget elementor-widget-button\" data-id=\"6f26950\" data-element_type=\"widget\" data-widget_type=\"button.default\">\n\t\t\t\t<div class=\"elementor-widget-container\">\n\t\t\t\t\t\t\t\t\t<div class=\"elementor-button-wrapper\">\n\t\t\t\t\t<a class=\"elementor-button elementor-button-link elementor-size-sm\" href=\"#\">\n\t\t\t\t\t\t<span class=\"elementor-button-content-wrapper\">\n\t\t\t\t\t\t<span class=\"elementor-button-icon\">\n\t\t\t\t<i aria-hidden=\"true\" class=\"fas fa-cloud-download-alt\"><\/i>\t\t\t<\/span>\n\t\t\t\t\t\t\t\t\t<span class=\"elementor-button-text\">Descargar Brochure<\/span>\n\t\t\t\t\t<\/span>\n\t\t\t\t\t<\/a>\n\t\t\t\t<\/div>\n\t\t\t\t\t\t\t\t<\/div>\n\t\t\t\t<\/div>\n\t\t\t\t<div class=\"elementor-element elementor-element-7894eaa elementor-widget elementor-widget-spacer\" data-id=\"7894eaa\" data-element_type=\"widget\" data-widget_type=\"spacer.default\">\n\t\t\t\t<div class=\"elementor-widget-container\">\n\t\t\t\t\t\t\t<div class=\"elementor-spacer\">\n\t\t\t<div class=\"elementor-spacer-inner\"><\/div>\n\t\t<\/div>\n\t\t\t\t\t\t<\/div>\n\t\t\t\t<\/div>\n\t\t\t\t\t<\/div>\n\t\t<\/div>\n\t\t\t\t\t<\/div>\n\t\t<\/section>\n\t\t\t\t<section class=\"elementor-section elementor-top-section elementor-element elementor-element-4e33641 elementor-section-boxed elementor-section-height-default elementor-section-height-default\" data-id=\"4e33641\" data-element_type=\"section\" data-settings=\"{&quot;background_background&quot;:&quot;classic&quot;}\">\n\t\t\t\t\t\t<div class=\"elementor-container elementor-column-gap-default\">\n\t\t\t\t\t<div class=\"elementor-column elementor-col-100 elementor-top-column elementor-element elementor-element-70829ae\" data-id=\"70829ae\" data-element_type=\"column\">\n\t\t\t<div class=\"elementor-widget-wrap elementor-element-populated\">\n\t\t\t\t\t\t<div class=\"elementor-element elementor-element-a73bc5b elementor-invisible elementor-widget elementor-widget-heading\" data-id=\"a73bc5b\" data-element_type=\"widget\" data-settings=\"{&quot;_animation&quot;:&quot;fadeInRight&quot;}\" data-widget_type=\"heading.default\">\n\t\t\t\t<div class=\"elementor-widget-container\">\n\t\t\t\t\t<h2 class=\"elementor-heading-title elementor-size-default\">DESDE 1979<\/h2>\t\t\t\t<\/div>\n\t\t\t\t<\/div>\n\t\t\t\t\t<\/div>\n\t\t<\/div>\n\t\t\t\t\t<\/div>\n\t\t<\/section>\n\t\t\t\t<section class=\"elementor-section elementor-top-section elementor-element elementor-element-c5a9dd8 elementor-section-boxed elementor-section-height-default elementor-section-height-default\" data-id=\"c5a9dd8\" data-element_type=\"section\">\n\t\t\t\t\t\t<div class=\"elementor-container elementor-column-gap-default\">\n\t\t\t\t\t<div class=\"elementor-column elementor-col-100 elementor-top-column elementor-element elementor-element-5e77951\" data-id=\"5e77951\" data-element_type=\"column\">\n\t\t\t<div class=\"elementor-widget-wrap elementor-element-populated\">\n\t\t\t\t\t\t<div class=\"elementor-element elementor-element-cf3bc4a elementor-widget elementor-widget-spacer\" data-id=\"cf3bc4a\" data-element_type=\"widget\" data-widget_type=\"spacer.default\">\n\t\t\t\t<div class=\"elementor-widget-container\">\n\t\t\t\t\t\t\t<div class=\"elementor-spacer\">\n\t\t\t<div class=\"elementor-spacer-inner\"><\/div>\n\t\t<\/div>\n\t\t\t\t\t\t<\/div>\n\t\t\t\t<\/div>\n\t\t\t\t<div class=\"elementor-element elementor-element-621d3ed elementor-widget elementor-widget-image-gallery\" data-id=\"621d3ed\" data-element_type=\"widget\" data-widget_type=\"image-gallery.default\">\n\t\t\t\t<div class=\"elementor-widget-container\">\n\t\t\t\t\t\t\t<div class=\"elementor-image-gallery\">\n\t\t\t<div id='gallery-1' class='gallery galleryid-51 gallery-columns-3 gallery-size-large'><figure class='gallery-item'>\n\t\t\t<div class='gallery-icon landscape'>\n\t\t\t\t<a data-elementor-open-lightbox=\"yes\" data-elementor-lightbox-slideshow=\"621d3ed\" data-elementor-lightbox-title=\"NOI1\" data-e-action-hash=\"#elementor-action%3Aaction%3Dlightbox%26settings%3DeyJpZCI6NzIsInVybCI6Imh0dHBzOlwvXC9neWxhYm9nYWRvcy5jb21cL3dwLWNvbnRlbnRcL3VwbG9hZHNcLzIwMTlcLzExXC9OT0kxLmpwZyIsInNsaWRlc2hvdyI6IjYyMWQzZWQifQ%3D%3D\" href='https:\/\/gylabogados.com\/wp-content\/uploads\/2019\/11\/NOI1.jpg'><img fetchpriority=\"high\" decoding=\"async\" width=\"1024\" height=\"1024\" src=\"https:\/\/gylabogados.com\/wp-content\/uploads\/2019\/11\/NOI1-1024x1024.jpg\" class=\"attachment-large size-large\" alt=\"\" srcset=\"https:\/\/gylabogados.com\/wp-content\/uploads\/2019\/11\/NOI1-1024x1024.jpg 1024w, https:\/\/gylabogados.com\/wp-content\/uploads\/2019\/11\/NOI1-300x300.jpg 300w, https:\/\/gylabogados.com\/wp-content\/uploads\/2019\/11\/NOI1-150x150.jpg 150w, https:\/\/gylabogados.com\/wp-content\/uploads\/2019\/11\/NOI1-768x768.jpg 768w, https:\/\/gylabogados.com\/wp-content\/uploads\/2019\/11\/NOI1.jpg 1346w\" sizes=\"(max-width: 1024px) 100vw, 1024px\" \/><\/a>\n\t\t\t<\/div><\/figure><figure class='gallery-item'>\n\t\t\t<div class='gallery-icon landscape'>\n\t\t\t\t<a data-elementor-open-lightbox=\"yes\" data-elementor-lightbox-slideshow=\"621d3ed\" data-elementor-lightbox-title=\"NOI2\" data-e-action-hash=\"#elementor-action%3Aaction%3Dlightbox%26settings%3DeyJpZCI6NzMsInVybCI6Imh0dHBzOlwvXC9neWxhYm9nYWRvcy5jb21cL3dwLWNvbnRlbnRcL3VwbG9hZHNcLzIwMTlcLzExXC9OT0kyLmpwZyIsInNsaWRlc2hvdyI6IjYyMWQzZWQifQ%3D%3D\" href='https:\/\/gylabogados.com\/wp-content\/uploads\/2019\/11\/NOI2.jpg'><img decoding=\"async\" width=\"1024\" height=\"1024\" src=\"https:\/\/gylabogados.com\/wp-content\/uploads\/2019\/11\/NOI2-1024x1024.jpg\" class=\"attachment-large size-large\" alt=\"\" srcset=\"https:\/\/gylabogados.com\/wp-content\/uploads\/2019\/11\/NOI2-1024x1024.jpg 1024w, https:\/\/gylabogados.com\/wp-content\/uploads\/2019\/11\/NOI2-300x300.jpg 300w, https:\/\/gylabogados.com\/wp-content\/uploads\/2019\/11\/NOI2-150x150.jpg 150w, https:\/\/gylabogados.com\/wp-content\/uploads\/2019\/11\/NOI2-768x768.jpg 768w, https:\/\/gylabogados.com\/wp-content\/uploads\/2019\/11\/NOI2.jpg 1346w\" sizes=\"(max-width: 1024px) 100vw, 1024px\" \/><\/a>\n\t\t\t<\/div><\/figure><figure class='gallery-item'>\n\t\t\t<div class='gallery-icon landscape'>\n\t\t\t\t<a data-elementor-open-lightbox=\"yes\" data-elementor-lightbox-slideshow=\"621d3ed\" data-elementor-lightbox-title=\"NOI5\" data-e-action-hash=\"#elementor-action%3Aaction%3Dlightbox%26settings%3DeyJpZCI6MzI3LCJ1cmwiOiJodHRwczpcL1wvZ3lsYWJvZ2Fkb3MuY29tXC93cC1jb250ZW50XC91cGxvYWRzXC8yMDE5XC8xMVwvTk9JNS0yLmpwZyIsInNsaWRlc2hvdyI6IjYyMWQzZWQifQ%3D%3D\" href='https:\/\/gylabogados.com\/wp-content\/uploads\/2019\/11\/NOI5-2.jpg'><img decoding=\"async\" width=\"1024\" height=\"1024\" src=\"https:\/\/gylabogados.com\/wp-content\/uploads\/2019\/11\/NOI5-2-1024x1024.jpg\" class=\"attachment-large size-large\" alt=\"\" srcset=\"https:\/\/gylabogados.com\/wp-content\/uploads\/2019\/11\/NOI5-2-1024x1024.jpg 1024w, https:\/\/gylabogados.com\/wp-content\/uploads\/2019\/11\/NOI5-2-300x300.jpg 300w, https:\/\/gylabogados.com\/wp-content\/uploads\/2019\/11\/NOI5-2-150x150.jpg 150w, https:\/\/gylabogados.com\/wp-content\/uploads\/2019\/11\/NOI5-2-768x768.jpg 768w, https:\/\/gylabogados.com\/wp-content\/uploads\/2019\/11\/NOI5-2.jpg 1346w\" sizes=\"(max-width: 1024px) 100vw, 1024px\" \/><\/a>\n\t\t\t<\/div><\/figure><figure class='gallery-item'>\n\t\t\t<div class='gallery-icon landscape'>\n\t\t\t\t<a data-elementor-open-lightbox=\"yes\" data-elementor-lightbox-slideshow=\"621d3ed\" data-elementor-lightbox-title=\"NOI4\" data-e-action-hash=\"#elementor-action%3Aaction%3Dlightbox%26settings%3DeyJpZCI6NzUsInVybCI6Imh0dHBzOlwvXC9neWxhYm9nYWRvcy5jb21cL3dwLWNvbnRlbnRcL3VwbG9hZHNcLzIwMTlcLzExXC9OT0k0LmpwZyIsInNsaWRlc2hvdyI6IjYyMWQzZWQifQ%3D%3D\" href='https:\/\/gylabogados.com\/wp-content\/uploads\/2019\/11\/NOI4.jpg'><img loading=\"lazy\" decoding=\"async\" width=\"1024\" height=\"1024\" src=\"https:\/\/gylabogados.com\/wp-content\/uploads\/2019\/11\/NOI4-1024x1024.jpg\" class=\"attachment-large size-large\" alt=\"\" srcset=\"https:\/\/gylabogados.com\/wp-content\/uploads\/2019\/11\/NOI4-1024x1024.jpg 1024w, https:\/\/gylabogados.com\/wp-content\/uploads\/2019\/11\/NOI4-300x300.jpg 300w, https:\/\/gylabogados.com\/wp-content\/uploads\/2019\/11\/NOI4-150x150.jpg 150w, https:\/\/gylabogados.com\/wp-content\/uploads\/2019\/11\/NOI4-768x768.jpg 768w, https:\/\/gylabogados.com\/wp-content\/uploads\/2019\/11\/NOI4.jpg 1346w\" sizes=\"(max-width: 1024px) 100vw, 1024px\" \/><\/a>\n\t\t\t<\/div><\/figure><figure class='gallery-item'>\n\t\t\t<div class='gallery-icon landscape'>\n\t\t\t\t<a data-elementor-open-lightbox=\"yes\" data-elementor-lightbox-slideshow=\"621d3ed\" data-elementor-lightbox-title=\"NOI6\" data-e-action-hash=\"#elementor-action%3Aaction%3Dlightbox%26settings%3DeyJpZCI6NzcsInVybCI6Imh0dHBzOlwvXC9neWxhYm9nYWRvcy5jb21cL3dwLWNvbnRlbnRcL3VwbG9hZHNcLzIwMTlcLzExXC9OT0k2LmpwZyIsInNsaWRlc2hvdyI6IjYyMWQzZWQifQ%3D%3D\" href='https:\/\/gylabogados.com\/wp-content\/uploads\/2019\/11\/NOI6.jpg'><img loading=\"lazy\" decoding=\"async\" width=\"1024\" height=\"1024\" src=\"https:\/\/gylabogados.com\/wp-content\/uploads\/2019\/11\/NOI6-1024x1024.jpg\" class=\"attachment-large size-large\" alt=\"\" srcset=\"https:\/\/gylabogados.com\/wp-content\/uploads\/2019\/11\/NOI6-1024x1024.jpg 1024w, https:\/\/gylabogados.com\/wp-content\/uploads\/2019\/11\/NOI6-300x300.jpg 300w, https:\/\/gylabogados.com\/wp-content\/uploads\/2019\/11\/NOI6-150x150.jpg 150w, https:\/\/gylabogados.com\/wp-content\/uploads\/2019\/11\/NOI6-768x768.jpg 768w, https:\/\/gylabogados.com\/wp-content\/uploads\/2019\/11\/NOI6.jpg 1346w\" sizes=\"(max-width: 1024px) 100vw, 1024px\" \/><\/a>\n\t\t\t<\/div><\/figure><figure class='gallery-item'>\n\t\t\t<div class='gallery-icon landscape'>\n\t\t\t\t<a data-elementor-open-lightbox=\"yes\" data-elementor-lightbox-slideshow=\"621d3ed\" data-elementor-lightbox-title=\"NOI3\" data-e-action-hash=\"#elementor-action%3Aaction%3Dlightbox%26settings%3DeyJpZCI6NzQsInVybCI6Imh0dHBzOlwvXC9neWxhYm9nYWRvcy5jb21cL3dwLWNvbnRlbnRcL3VwbG9hZHNcLzIwMTlcLzExXC9OT0kzLmpwZyIsInNsaWRlc2hvdyI6IjYyMWQzZWQifQ%3D%3D\" href='https:\/\/gylabogados.com\/wp-content\/uploads\/2019\/11\/NOI3.jpg'><img loading=\"lazy\" decoding=\"async\" width=\"1024\" height=\"1024\" src=\"https:\/\/gylabogados.com\/wp-content\/uploads\/2019\/11\/NOI3-1024x1024.jpg\" class=\"attachment-large size-large\" alt=\"\" srcset=\"https:\/\/gylabogados.com\/wp-content\/uploads\/2019\/11\/NOI3-1024x1024.jpg 1024w, https:\/\/gylabogados.com\/wp-content\/uploads\/2019\/11\/NOI3-300x300.jpg 300w, https:\/\/gylabogados.com\/wp-content\/uploads\/2019\/11\/NOI3-150x150.jpg 150w, https:\/\/gylabogados.com\/wp-content\/uploads\/2019\/11\/NOI3-768x768.jpg 768w, https:\/\/gylabogados.com\/wp-content\/uploads\/2019\/11\/NOI3.jpg 1346w\" sizes=\"(max-width: 1024px) 100vw, 1024px\" \/><\/a>\n\t\t\t<\/div><\/figure>\n\t\t<\/div>\n\t\t<\/div>\n\t\t\t\t\t\t<\/div>\n\t\t\t\t<\/div>\n\t\t\t\t<div class=\"elementor-element elementor-element-51ec942 elementor-widget elementor-widget-spacer\" data-id=\"51ec942\" data-element_type=\"widget\" data-widget_type=\"spacer.default\">\n\t\t\t\t<div class=\"elementor-widget-container\">\n\t\t\t\t\t\t\t<div class=\"elementor-spacer\">\n\t\t\t<div class=\"elementor-spacer-inner\"><\/div>\n\t\t<\/div>\n\t\t\t\t\t\t<\/div>\n\t\t\t\t<\/div>\n\t\t\t\t<div class=\"elementor-element elementor-element-5b02874 elementor-align-right elementor-invisible elementor-widget elementor-widget-button\" data-id=\"5b02874\" data-element_type=\"widget\" data-settings=\"{&quot;_animation&quot;:&quot;fadeInDown&quot;}\" data-widget_type=\"button.default\">\n\t\t\t\t<div class=\"elementor-widget-container\">\n\t\t\t\t\t\t\t\t\t<div class=\"elementor-button-wrapper\">\n\t\t\t\t\t<a class=\"elementor-button elementor-button-link elementor-size-sm\" href=\"https:\/\/gylabogados.com\/en\/socios\/\">\n\t\t\t\t\t\t<span class=\"elementor-button-content-wrapper\">\n\t\t\t\t\t\t<span class=\"elementor-button-icon\">\n\t\t\t\t<i aria-hidden=\"true\" class=\"fas fa-arrow-right\"><\/i>\t\t\t<\/span>\n\t\t\t\t\t\t\t\t\t<span class=\"elementor-button-text\">Ver Socios y Directores<\/span>\n\t\t\t\t\t<\/span>\n\t\t\t\t\t<\/a>\n\t\t\t\t<\/div>\n\t\t\t\t\t\t\t\t<\/div>\n\t\t\t\t<\/div>\n\t\t\t\t<div class=\"elementor-element elementor-element-76600f1 elementor-widget elementor-widget-spacer\" data-id=\"76600f1\" data-element_type=\"widget\" data-widget_type=\"spacer.default\">\n\t\t\t\t<div class=\"elementor-widget-container\">\n\t\t\t\t\t\t\t<div class=\"elementor-spacer\">\n\t\t\t<div class=\"elementor-spacer-inner\"><\/div>\n\t\t<\/div>\n\t\t\t\t\t\t<\/div>\n\t\t\t\t<\/div>\n\t\t\t\t\t<\/div>\n\t\t<\/div>\n\t\t\t\t\t<\/div>\n\t\t<\/section>\n\t\t\t\t<\/div>","protected":false},"excerpt":{"rendered":"<p>El Estudio Somos una firma de abogados fundada en 1979. Durante 15 a\u00f1os desarrollamos nuestra pr\u00e1ctica asociados con KPMG. Hemos sido reconocidos en 2012 como la primera firma de asesor\u00eda tributaria en el Per\u00fa por la revista brit\u00e1nica World Finance. Descargar Brochure DESDE 1979 Ver Socios y Directores<\/p>","protected":false},"author":1,"featured_media":0,"parent":0,"menu_order":0,"comment_status":"closed","ping_status":"closed","template":"","meta":{"site-sidebar-layout":"no-sidebar","site-content-layout":"page-builder","ast-site-content-layout":"","site-content-style":"default","site-sidebar-style":"default","ast-global-header-display":"","ast-banner-title-visibility":"","ast-main-header-display":"","ast-hfb-above-header-display":"","ast-hfb-below-header-display":"","ast-hfb-mobile-header-display":"","site-post-title":"disabled","ast-breadcrumbs-content":"","ast-featured-img":"disabled","footer-sml-layout":"","theme-transparent-header-meta":"default","adv-header-id-meta":"","stick-header-meta":"default","header-above-stick-meta":"","header-main-stick-meta":"","header-below-stick-meta":"","astra-migrate-meta-layouts":"","ast-page-background-enabled":"default","ast-page-background-meta":{"desktop":{"background-color":"","background-image":"","background-repeat":"repeat","background-position":"center center","background-size":"auto","background-attachment":"scroll","background-type":"","background-media":"","overlay-type":"","overlay-color":"","overlay-gradient":""},"tablet":{"background-color":"","background-image":"","background-repeat":"repeat","background-position":"center center","background-size":"auto","background-attachment":"scroll","background-type":"","background-media":"","overlay-type":"","overlay-color":"","overlay-gradient":""},"mobile":{"background-color":"","background-image":"","background-repeat":"repeat","background-position":"center center","background-size":"auto","background-attachment":"scroll","background-type":"","background-media":"","overlay-type":"","overlay-color":"","overlay-gradient":""}},"ast-content-background-meta":{"desktop":{"background-color":"var(--ast-global-color-5)","background-image":"","background-repeat":"repeat","background-position":"center center","background-size":"auto","background-attachment":"scroll","background-type":"","background-media":"","overlay-type":"","overlay-color":"","overlay-gradient":""},"tablet":{"background-color":"var(--ast-global-color-5)","background-image":"","background-repeat":"repeat","background-position":"center center","background-size":"auto","background-attachment":"scroll","background-type":"","background-media":"","overlay-type":"","overlay-color":"","overlay-gradient":""},"mobile":{"background-color":"var(--ast-global-color-5)","background-image":"","background-repeat":"repeat","background-position":"center center","background-size":"auto","background-attachment":"scroll","background-type":"","background-media":"","overlay-type":"","overlay-color":"","overlay-gradient":""}},"footnotes":""},"class_list":["post-51","page","type-page","status-publish","hentry"],"_links":{"self":[{"href":"https:\/\/gylabogados.com\/en\/wp-json\/wp\/v2\/pages\/51","targetHints":{"allow":["GET"]}}],"collection":[{"href":"https:\/\/gylabogados.com\/en\/wp-json\/wp\/v2\/pages"}],"about":[{"href":"https:\/\/gylabogados.com\/en\/wp-json\/wp\/v2\/types\/page"}],"author":[{"embeddable":true,"href":"https:\/\/gylabogados.com\/en\/wp-json\/wp\/v2\/users\/1"}],"replies":[{"embeddable":true,"href":"https:\/\/gylabogados.com\/en\/wp-json\/wp\/v2\/comments?post=51"}],"version-history":[{"count":10,"href":"https:\/\/gylabogados.com\/en\/wp-json\/wp\/v2\/pages\/51\/revisions"}],"predecessor-version":[{"id":425,"href":"https:\/\/gylabogados.com\/en\/wp-json\/wp\/v2\/pages\/51\/revisions\/425"}],"wp:attachment":[{"href":"https:\/\/gylabogados.com\/en\/wp-json\/wp\/v2\/media?parent=51"}],"curies":[{"name":"wp","href":"https:\/\/api.w.org\/{rel}","templated":true}]}}